{"id":152,"date":"2022-05-27T08:59:17","date_gmt":"2022-05-27T08:59:17","guid":{"rendered":"https:\/\/karl-schubert-kindergarten.at\/?page_id=152"},"modified":"2026-04-14T11:42:50","modified_gmt":"2026-04-14T11:42:50","slug":"kontakt","status":"publish","type":"page","link":"https:\/\/karl-schubert-kindergarten.at\/en\/kontakt\/","title":{"rendered":"Contact"},"content":{"rendered":"<div data-elementor-type=\"wp-page\" data-elementor-id=\"152\" class=\"elementor elementor-152\" data-elementor-post-type=\"page\">\n\t\t\t\t\t\t<section class=\"elementor-section elementor-top-section elementor-element elementor-element-73632800 elementor-section-height-min-height elementor-section-items-stretch elementor-section-full_width elementor-section-height-default\" data-id=\"73632800\" data-element_type=\"section\" data-e-type=\"section\" id=\"top\">\n\t\t\t\t\t\t<div class=\"elementor-container elementor-column-gap-default\">\n\t\t\t\t\t<div class=\"elementor-column elementor-col-100 elementor-top-column elementor-element elementor-element-6b5aaa27\" data-id=\"6b5aaa27\" data-element_type=\"column\" data-e-type=\"column\" data-settings=\"{&quot;background_background&quot;:&quot;classic&quot;}\">\n\t\t\t<div class=\"elementor-widget-wrap\">\n\t\t\t\t\t\t\t<\/div>\n\t\t<\/div>\n\t\t\t\t\t<\/div>\n\t\t<\/section>\n\t\t\t\t<section class=\"elementor-section elementor-top-section elementor-element elementor-element-57dcd15d elementor-section-content-middle elementor-reverse-tablet elementor-reverse-mobile elementor-section-full_width elementor-section-height-default elementor-section-height-default\" data-id=\"57dcd15d\" data-element_type=\"section\" data-e-type=\"section\" id=\"willkommen\">\n\t\t\t\t\t\t<div class=\"elementor-container elementor-column-gap-default\">\n\t\t\t\t\t<div class=\"elementor-column elementor-col-50 elementor-top-column elementor-element elementor-element-9454f73\" data-id=\"9454f73\" data-element_type=\"column\" data-e-type=\"column\">\n\t\t\t<div class=\"elementor-widget-wrap elementor-element-populated\">\n\t\t\t\t\t\t<div class=\"elementor-element elementor-element-7d73322d elementor-widget elementor-widget-heading\" data-id=\"7d73322d\" data-element_type=\"widget\" data-e-type=\"widget\" data-widget_type=\"heading.default\">\n\t\t\t\t<div class=\"elementor-widget-container\">\n\t\t\t\t\t<h2 class=\"elementor-heading-title elementor-size-default\">CONTACT<\/h2>\t\t\t\t<\/div>\n\t\t\t\t<\/div>\n\t\t\t\t\t<\/div>\n\t\t<\/div>\n\t\t\t\t<div class=\"elementor-column elementor-col-50 elementor-top-column elementor-element elementor-element-6272becb\" data-id=\"6272becb\" data-element_type=\"column\" data-e-type=\"column\">\n\t\t\t<div class=\"elementor-widget-wrap elementor-element-populated\">\n\t\t\t\t\t\t<div class=\"elementor-element elementor-element-547665a0 elementor-align-center elementor-invisible elementor-widget elementor-widget-button\" data-id=\"547665a0\" data-element_type=\"widget\" data-e-type=\"widget\" data-settings=\"{&quot;_animation&quot;:&quot;fadeInRight&quot;}\" data-widget_type=\"button.default\">\n\t\t\t\t<div class=\"elementor-widget-container\">\n\t\t\t\t\t\t\t\t\t<div class=\"elementor-button-wrapper\">\n\t\t\t\t\t<a class=\"elementor-button elementor-button-link elementor-size-sm\" href=\"https:\/\/karl-schubert-schule.at\/spenden-partner\/\">\n\t\t\t\t\t\t<span class=\"elementor-button-content-wrapper\">\n\t\t\t\t\t\t<span class=\"elementor-button-icon\">\n\t\t\t\t<i aria-hidden=\"true\" class=\"far fa-heart\"><\/i>\t\t\t<\/span>\n\t\t\t\t\t\t\t\t\t<span class=\"elementor-button-text\">Support us with your donation!<\/span>\n\t\t\t\t\t<\/span>\n\t\t\t\t\t<\/a>\n\t\t\t\t<\/div>\n\t\t\t\t\t\t\t\t<\/div>\n\t\t\t\t<\/div>\n\t\t\t\t\t<\/div>\n\t\t<\/div>\n\t\t\t\t\t<\/div>\n\t\t<\/section>\n\t\t\t\t<section class=\"elementor-section elementor-top-section elementor-element elementor-element-239b7166 elementor-section-full_width elementor-section-height-default elementor-section-height-default\" data-id=\"239b7166\" data-element_type=\"section\" data-e-type=\"section\">\n\t\t\t\t\t\t<div class=\"elementor-container elementor-column-gap-default\">\n\t\t\t\t\t<div class=\"elementor-column elementor-col-50 elementor-top-column elementor-element elementor-element-478a021\" data-id=\"478a021\" data-element_type=\"column\" data-e-type=\"column\">\n\t\t\t<div class=\"elementor-widget-wrap elementor-element-populated\">\n\t\t\t\t\t\t<div class=\"elementor-element elementor-element-1da6aa13 elementor-widget elementor-widget-text-editor\" data-id=\"1da6aa13\" data-element_type=\"widget\" data-e-type=\"widget\" data-widget_type=\"text-editor.default\">\n\t\t\t\t<div class=\"elementor-widget-container\">\n\t\t\t\t\t\t\t\t\t<p><strong>Karl Schubert Kindergarten und Schule<\/strong><br \/>Bildungsst\u00e4tte f\u00fcr seelenpflegebed\u00fcrftige Kinder und Jugendliche in Wien<br \/>Kanitzgasse 1\u20133<br \/>1230 Vienna<\/p><p><b>Kindergarten Administration:<\/b><br \/>Andrea Datzreiter<br \/>Tel. +43 1 889 46 36-13<br \/>E-Mail: <a style=\"background-color: #ffffff;\" href=\"mailto:office@karlschubertschule.at\">office@karlschubertschule.at<\/a><\/p><p><b>School Office:<\/b><br \/>Doris Sandner, Petra Seitz<br \/>Phone +43 1 889 46 36<br \/>Fax +43 1 889 46 36-15<br \/>E-Mail: <a href=\"mailto:office@karlschubertschule.at\">office@karlschubertschule.at<\/a><\/p><p><b>Schulleitung:<\/b><br \/>Tereza Szabo (Schulleiterin)<br \/>Markus Hildenbrand (Schulleiter-Stv.)<br \/>E-Mail: <a href=\"mailto:direktion@karlschubertschule.at\">direktion@karlschubertschule.at<\/a><\/p><p><b>Management:<\/b><br \/>Karl Schubert School Association Board<br \/>Obfrau: Tereza Szabo<br \/>Obfrau-Stv.: Andrea Datzreiter<br \/>Secretary: Markus Hildenbrand<br \/>Kassier: Georg Daverda<\/p>\t\t\t\t\t\t\t\t<\/div>\n\t\t\t\t<\/div>\n\t\t\t\t\t<\/div>\n\t\t<\/div>\n\t\t\t\t<div class=\"elementor-column elementor-col-50 elementor-top-column elementor-element elementor-element-7fcb7114\" data-id=\"7fcb7114\" data-element_type=\"column\" data-e-type=\"column\">\n\t\t\t<div class=\"elementor-widget-wrap elementor-element-populated\">\n\t\t\t\t\t\t<div class=\"elementor-element elementor-element-380b1bac elementor-widget elementor-widget-google_maps\" data-id=\"380b1bac\" data-element_type=\"widget\" data-e-type=\"widget\" data-widget_type=\"google_maps.default\">\n\t\t\t\t<div class=\"elementor-widget-container\">\n\t\t\t\t\t\t\t<div class=\"elementor-custom-embed\">\n\t\t\t<iframe loading=\"lazy\"\n\t\t\t\t\tsrc=\"https:\/\/maps.google.com\/maps?q=Kanitzgasse%201%E2%80%933%2C%201230%20Wien%2C%20%C3%96sterreich&#038;t=m&#038;z=12&#038;output=embed&#038;iwloc=near\"\n\t\t\t\t\ttitle=\"Kanitzgasse 1\u20133, 1230 Wien, \u00d6sterreich\"\n\t\t\t\t\taria-label=\"Kanitzgasse 1\u20133, 1230 Wien, \u00d6sterreich\"\n\t\t\t><\/iframe>\n\t\t<\/div>\n\t\t\t\t\t\t<\/div>\n\t\t\t\t<\/div>\n\t\t\t\t\t<\/div>\n\t\t<\/div>\n\t\t\t\t\t<\/div>\n\t\t<\/section>\n\t\t\t\t<section class=\"elementor-section elementor-top-section elementor-element elementor-element-5bf688b6 elementor-section-full_width elementor-section-height-default elementor-section-height-default\" data-id=\"5bf688b6\" data-element_type=\"section\" data-e-type=\"section\" id=\"aufnahme\">\n\t\t\t\t\t\t<div class=\"elementor-container elementor-column-gap-default\">\n\t\t\t\t\t<div class=\"elementor-column elementor-col-100 elementor-top-column elementor-element elementor-element-22cd58b8\" data-id=\"22cd58b8\" data-element_type=\"column\" data-e-type=\"column\">\n\t\t\t<div class=\"elementor-widget-wrap elementor-element-populated\">\n\t\t\t\t\t\t<div class=\"elementor-element elementor-element-737ae1d8 elementor-widget elementor-widget-heading\" data-id=\"737ae1d8\" data-element_type=\"widget\" data-e-type=\"widget\" data-widget_type=\"heading.default\">\n\t\t\t\t<div class=\"elementor-widget-container\">\n\t\t\t\t\t<h2 class=\"elementor-heading-title elementor-size-default\">Admission<\/h2>\t\t\t\t<\/div>\n\t\t\t\t<\/div>\n\t\t\t\t<div class=\"elementor-element elementor-element-2cb5da74 elementor-widget elementor-widget-text-editor\" data-id=\"2cb5da74\" data-element_type=\"widget\" data-e-type=\"widget\" data-widget_type=\"text-editor.default\">\n\t\t\t\t<div class=\"elementor-widget-container\">\n\t\t\t\t\t\t\t\t\t<p>Parents seeking kindergarten placement for their children can register by phone for an interview. If an admission seems advisable and a place is available, kindergarten placement is possible.\u00a0<\/p><p>To do this, the parents must:<\/p><ul><li>Submit an application for admission and sign the kindergarten agreement<\/li><li>Determine their individual tuition fees in a discussion with the tuition group, and<\/li><li>Submit an application for funding to the respective funding agencies.<\/li><\/ul><p>\u00a0<\/p><p><strong>Costs<\/strong><\/p><p>The public funding agencies (MA 10 as well as the Vienna Social Fund) only cover a part of the kindergarten fees. The cost difference is covered by the tuition fee. This individual tuition fee is income-adjusted.<\/p><p>In addition, volunteer work by the parents is also very much welcome, as the Karl Schubert School depends on them.<\/p><p>\u00a0<\/p><p><strong>Voluntary Social Year<\/strong><\/p><p>The Karl Schubert Kindergarten is a recognized place of employment for those who have completed a\u00a0<a href=\"http:\/\/www.fsj-at.org\/\">Voluntary Social Year (FSJ)<\/a>Interested persons can apply to the\u00a0<a href=\"http:\/\/www.fsj-at.org\/\">FSJ umbrella organization.<\/a>\u00a0You will be employed by us as a class aide looking after children in need of soul care.<\/p><p>\u00a0<\/p><p><strong>Bank Details<\/strong><\/p><p>Account holder: Verein Karl Schubert Schule<\/p><p>Bank Austria \u2013 UniCredit<br \/>IBAN: AT83 1100 0006 6197 9500<br \/>BIC: BKAUATWW<\/p>\t\t\t\t\t\t\t\t<\/div>\n\t\t\t\t<\/div>\n\t\t\t\t\t<\/div>\n\t\t<\/div>\n\t\t\t\t\t<\/div>\n\t\t<\/section>\n\t\t\t\t<\/div>","protected":false},"excerpt":{"rendered":"<p>KONTAKT Unterst\u00fctzen Sie uns mit Ihrer Spende! Karl Schubert Kindergarten und SchuleBildungsst\u00e4tte f\u00fcr seelenpflegebed\u00fcrftige Kinder und Jugendliche in WienKanitzgasse 1\u201331230 Wien Kindergartenleitung:Andrea DatzreiterTel. +43 1 889 46 36-13E-Mail: office@karlschubertschule.at Schulb\u00fcro:Doris Sandner, Petra SeitzTel. +43 1 889 46 36Fax +43 1 889 46 36-15E-Mail: office@karlschubertschule.at Schulleitung:Tereza Szabo (Schulleiterin)Markus Hildenbrand (Schulleiter-Stv.)E-Mail: direktion@karlschubertschule.at Gesch\u00e4ftsf\u00fchrung:Vorstand des Vereins der Karl [&hellip;]<\/p>\n","protected":false},"author":1,"featured_media":0,"parent":0,"menu_order":0,"comment_status":"closed","ping_status":"closed","template":"","meta":{"footnotes":""},"class_list":["post-152","page","type-page","status-publish","hentry"],"_links":{"self":[{"href":"https:\/\/karl-schubert-kindergarten.at\/en\/wp-json\/wp\/v2\/pages\/152","targetHints":{"allow":["GET"]}}],"collection":[{"href":"https:\/\/karl-schubert-kindergarten.at\/en\/wp-json\/wp\/v2\/pages"}],"about":[{"href":"https:\/\/karl-schubert-kindergarten.at\/en\/wp-json\/wp\/v2\/types\/page"}],"author":[{"embeddable":true,"href":"https:\/\/karl-schubert-kindergarten.at\/en\/wp-json\/wp\/v2\/users\/1"}],"replies":[{"embeddable":true,"href":"https:\/\/karl-schubert-kindergarten.at\/en\/wp-json\/wp\/v2\/comments?post=152"}],"version-history":[{"count":43,"href":"https:\/\/karl-schubert-kindergarten.at\/en\/wp-json\/wp\/v2\/pages\/152\/revisions"}],"predecessor-version":[{"id":1000,"href":"https:\/\/karl-schubert-kindergarten.at\/en\/wp-json\/wp\/v2\/pages\/152\/revisions\/1000"}],"wp:attachment":[{"href":"https:\/\/karl-schubert-kindergarten.at\/en\/wp-json\/wp\/v2\/media?parent=152"}],"curies":[{"name":"wp","href":"https:\/\/api.w.org\/{rel}","templated":true}]}}