{"id":537,"date":"2022-05-31T14:43:35","date_gmt":"2022-05-31T14:43:35","guid":{"rendered":"https:\/\/karl-schubert-kindergarten.at\/?page_id=537"},"modified":"2026-04-14T11:41:40","modified_gmt":"2026-04-14T11:41:40","slug":"aktuelles","status":"publish","type":"page","link":"https:\/\/karl-schubert-kindergarten.at\/de\/aktuelles\/","title":{"rendered":"Aktuelles"},"content":{"rendered":"\t\t<div data-elementor-type=\"wp-page\" data-elementor-id=\"537\" class=\"elementor elementor-537\" data-elementor-post-type=\"page\">\n\t\t\t\t\t\t<section class=\"elementor-section elementor-top-section elementor-element elementor-element-3278d804 elementor-section-height-min-height elementor-section-items-stretch elementor-section-full_width elementor-section-height-default\" data-id=\"3278d804\" data-element_type=\"section\" data-e-type=\"section\" id=\"top\">\n\t\t\t\t\t\t<div class=\"elementor-container elementor-column-gap-default\">\n\t\t\t\t\t<div class=\"elementor-column elementor-col-100 elementor-top-column elementor-element elementor-element-203646df\" data-id=\"203646df\" data-element_type=\"column\" data-e-type=\"column\" data-settings=\"{&quot;background_background&quot;:&quot;classic&quot;}\">\n\t\t\t<div class=\"elementor-widget-wrap\">\n\t\t\t\t\t\t\t<\/div>\n\t\t<\/div>\n\t\t\t\t\t<\/div>\n\t\t<\/section>\n\t\t\t\t<section class=\"elementor-section elementor-top-section elementor-element elementor-element-de4c3d6 elementor-section-boxed elementor-section-height-default elementor-section-height-default\" data-id=\"de4c3d6\" data-element_type=\"section\" data-e-type=\"section\">\n\t\t\t\t\t\t<div class=\"elementor-container elementor-column-gap-default\">\n\t\t\t\t\t\t<\/div>\n\t\t<\/section>\n\t\t\t\t<section class=\"elementor-section elementor-top-section elementor-element elementor-element-728d1d5 elementor-section-boxed elementor-section-height-default elementor-section-height-default\" data-id=\"728d1d5\" data-element_type=\"section\" data-e-type=\"section\">\n\t\t\t\t\t\t<div class=\"elementor-container elementor-column-gap-default\">\n\t\t\t\t\t\t<\/div>\n\t\t<\/section>\n\t\t\t\t<section class=\"elementor-section elementor-top-section elementor-element elementor-element-71925ac9 elementor-section-content-middle elementor-reverse-tablet elementor-reverse-mobile elementor-section-height-min-height elementor-section-full_width elementor-section-height-default elementor-section-items-middle\" data-id=\"71925ac9\" data-element_type=\"section\" data-e-type=\"section\" id=\"willkommen\">\n\t\t\t\t\t\t<div class=\"elementor-container elementor-column-gap-default\">\n\t\t\t\t\t<div class=\"elementor-column elementor-col-50 elementor-top-column elementor-element elementor-element-103f4482\" data-id=\"103f4482\" data-element_type=\"column\" data-e-type=\"column\">\n\t\t\t<div class=\"elementor-widget-wrap elementor-element-populated\">\n\t\t\t\t\t\t<div class=\"elementor-element elementor-element-7c88e04c elementor-widget elementor-widget-heading\" data-id=\"7c88e04c\" data-element_type=\"widget\" data-e-type=\"widget\" data-widget_type=\"heading.default\">\n\t\t\t\t<div class=\"elementor-widget-container\">\n\t\t\t\t\t<h2 class=\"elementor-heading-title elementor-size-default\">Aktuelles<\/h2>\t\t\t\t<\/div>\n\t\t\t\t<\/div>\n\t\t\t\t\t<\/div>\n\t\t<\/div>\n\t\t\t\t<div class=\"elementor-column elementor-col-50 elementor-top-column elementor-element elementor-element-1e99edde\" data-id=\"1e99edde\" data-element_type=\"column\" data-e-type=\"column\">\n\t\t\t<div class=\"elementor-widget-wrap elementor-element-populated\">\n\t\t\t\t\t\t<div class=\"elementor-element elementor-element-7d519622 elementor-align-center elementor-invisible elementor-widget elementor-widget-button\" data-id=\"7d519622\" data-element_type=\"widget\" data-e-type=\"widget\" data-settings=\"{&quot;_animation&quot;:&quot;fadeInRight&quot;}\" data-widget_type=\"button.default\">\n\t\t\t\t<div class=\"elementor-widget-container\">\n\t\t\t\t\t\t\t\t\t<div class=\"elementor-button-wrapper\">\n\t\t\t\t\t<a class=\"elementor-button elementor-button-link elementor-size-sm\" href=\"https:\/\/karl-schubert-schule.at\/spenden-partner\/\">\n\t\t\t\t\t\t<span class=\"elementor-button-content-wrapper\">\n\t\t\t\t\t\t<span class=\"elementor-button-icon\">\n\t\t\t\t<i aria-hidden=\"true\" class=\"far fa-heart\"><\/i>\t\t\t<\/span>\n\t\t\t\t\t\t\t\t\t<span class=\"elementor-button-text\">Unterst\u00fctzen Sie uns mit Ihrer Spende!<\/span>\n\t\t\t\t\t<\/span>\n\t\t\t\t\t<\/a>\n\t\t\t\t<\/div>\n\t\t\t\t\t\t\t\t<\/div>\n\t\t\t\t<\/div>\n\t\t\t\t\t<\/div>\n\t\t<\/div>\n\t\t\t\t\t<\/div>\n\t\t<\/section>\n\t\t\t\t<section class=\"elementor-section elementor-top-section elementor-element elementor-element-36b8a44 elementor-section-boxed elementor-section-height-default elementor-section-height-default\" data-id=\"36b8a44\" data-element_type=\"section\" data-e-type=\"section\">\n\t\t\t\t\t\t<div class=\"elementor-container elementor-column-gap-default\">\n\t\t\t\t\t\t<\/div>\n\t\t<\/section>\n\t\t\t\t<section class=\"elementor-section elementor-top-section elementor-element elementor-element-5584f46 elementor-section-boxed elementor-section-height-default elementor-section-height-default\" data-id=\"5584f46\" data-element_type=\"section\" data-e-type=\"section\">\n\t\t\t\t\t\t<div class=\"elementor-container elementor-column-gap-default\">\n\t\t\t\t\t<div class=\"elementor-column elementor-col-100 elementor-top-column elementor-element elementor-element-a527a8e\" data-id=\"a527a8e\" data-element_type=\"column\" data-e-type=\"column\">\n\t\t\t<div class=\"elementor-widget-wrap elementor-element-populated\">\n\t\t\t\t\t\t<div class=\"elementor-element elementor-element-332864c elementor-widget elementor-widget-text-editor\" data-id=\"332864c\" data-element_type=\"widget\" data-e-type=\"widget\" data-widget_type=\"text-editor.default\">\n\t\t\t\t<div class=\"elementor-widget-container\">\n\t\t\t\t\t\t\t\t\t<h2 style=\"text-align: center;\"><strong>Einladung zur <\/strong><br \/><strong>Schulfeier am Mittwoch<\/strong><br \/><strong>den 17. Juni 2026<\/strong><\/h2><p style=\"text-align: center;\"><strong>von 9 bis 10 Uhr<\/strong><\/p><p style=\"text-align: center;\">Die Sch\u00fclerinnen und Sch\u00fcler pr\u00e4sentieren auf der B\u00fchne, was sie dieses Schuljahr schon gelernt haben.<\/p><p style=\"text-align: center;\">Wir informieren an diesem Vormittag auch \u00fcber unsere Schule, mit Gespr\u00e4chen und einer Ausstellung von Werkst\u00fccken unserer Sch\u00fclerinnen und Sch\u00fcler. Gerne laden wir Sie anschlie\u00dfend zu Kaffee und Kuchen ein.<\/p><p style=\"text-align: center;\"><strong>In der Zeit von 10 bis 12:00 Uhr haben Sie auch die M\u00f6glichkeit, sich \u00fcber F\u00f6rderleistungen des Fonds Soziales Wien direkt zu informieren. Berater\/innen des FSW sind in dieser Zeit mit einem eigenen Stand im Foyer unserer Schule anwesend.<\/strong><\/p>\t\t\t\t\t\t\t\t<\/div>\n\t\t\t\t<\/div>\n\t\t\t\t\t<\/div>\n\t\t<\/div>\n\t\t\t\t<div class=\"elementor-column elementor-col-100 elementor-top-column elementor-element elementor-element-7fa2390\" data-id=\"7fa2390\" data-element_type=\"column\" data-e-type=\"column\">\n\t\t\t<div class=\"elementor-widget-wrap elementor-element-populated\">\n\t\t\t\t\t\t<div class=\"elementor-element elementor-element-0261a6a elementor-widget elementor-widget-image\" data-id=\"0261a6a\" data-element_type=\"widget\" data-e-type=\"widget\" data-widget_type=\"image.default\">\n\t\t\t\t<div class=\"elementor-widget-container\">\n\t\t\t\t\t\t\t\t\t\t\t\t\t\t\t<img fetchpriority=\"high\" decoding=\"async\" width=\"800\" height=\"534\" src=\"https:\/\/karl-schubert-kindergarten.at\/wp-content\/uploads\/2026\/02\/DSC02216-1024x683.jpg\" class=\"attachment-large size-large wp-image-987\" alt=\"\" srcset=\"https:\/\/karl-schubert-kindergarten.at\/wp-content\/uploads\/2026\/02\/DSC02216-1024x683.jpg 1024w, https:\/\/karl-schubert-kindergarten.at\/wp-content\/uploads\/2026\/02\/DSC02216-300x200.jpg 300w, https:\/\/karl-schubert-kindergarten.at\/wp-content\/uploads\/2026\/02\/DSC02216-768x512.jpg 768w, https:\/\/karl-schubert-kindergarten.at\/wp-content\/uploads\/2026\/02\/DSC02216-1536x1024.jpg 1536w, https:\/\/karl-schubert-kindergarten.at\/wp-content\/uploads\/2026\/02\/DSC02216-2048x1365.jpg 2048w, https:\/\/karl-schubert-kindergarten.at\/wp-content\/uploads\/2026\/02\/DSC02216-18x12.jpg 18w\" sizes=\"(max-width: 800px) 100vw, 800px\" \/>\t\t\t\t\t\t\t\t\t\t\t\t\t\t\t<\/div>\n\t\t\t\t<\/div>\n\t\t\t\t\t<\/div>\n\t\t<\/div>\n\t\t\t\t\t<\/div>\n\t\t<\/section>\n\t\t\t\t<section class=\"elementor-section elementor-top-section elementor-element elementor-element-6285b0b elementor-section-boxed elementor-section-height-default elementor-section-height-default\" data-id=\"6285b0b\" data-element_type=\"section\" data-e-type=\"section\">\n\t\t\t\t\t\t<div class=\"elementor-container elementor-column-gap-default\">\n\t\t\t\t\t\t<\/div>\n\t\t<\/section>\n\t\t\t\t<section class=\"elementor-section elementor-top-section elementor-element elementor-element-6cdf176 elementor-section-boxed elementor-section-height-default elementor-section-height-default\" data-id=\"6cdf176\" data-element_type=\"section\" data-e-type=\"section\">\n\t\t\t\t\t\t<div class=\"elementor-container elementor-column-gap-default\">\n\t\t\t\t\t\t<\/div>\n\t\t<\/section>\n\t\t\t\t<section class=\"elementor-section elementor-top-section elementor-element elementor-element-6394599 elementor-section-boxed elementor-section-height-default elementor-section-height-default\" data-id=\"6394599\" data-element_type=\"section\" data-e-type=\"section\">\n\t\t\t\t\t\t<div class=\"elementor-container elementor-column-gap-default\">\n\t\t\t\t\t\t<\/div>\n\t\t<\/section>\n\t\t\t\t<section class=\"elementor-section elementor-top-section elementor-element elementor-element-ee8f8df elementor-section-boxed elementor-section-height-default elementor-section-height-default\" data-id=\"ee8f8df\" data-element_type=\"section\" data-e-type=\"section\">\n\t\t\t\t\t\t<div class=\"elementor-container elementor-column-gap-default\">\n\t\t\t\t\t\t<\/div>\n\t\t<\/section>\n\t\t\t\t<section class=\"elementor-section elementor-top-section elementor-element elementor-element-5f5bd99 elementor-section-boxed elementor-section-height-default elementor-section-height-default\" data-id=\"5f5bd99\" data-element_type=\"section\" data-e-type=\"section\">\n\t\t\t\t\t\t<div class=\"elementor-container elementor-column-gap-default\">\n\t\t\t\t\t\t<\/div>\n\t\t<\/section>\n\t\t\t\t<section class=\"elementor-section elementor-top-section elementor-element elementor-element-47b74a0 elementor-section-boxed elementor-section-height-default elementor-section-height-default\" data-id=\"47b74a0\" data-element_type=\"section\" data-e-type=\"section\">\n\t\t\t\t\t\t<div class=\"elementor-container elementor-column-gap-default\">\n\t\t\t\t\t\t<\/div>\n\t\t<\/section>\n\t\t\t\t<section class=\"elementor-section elementor-top-section elementor-element elementor-element-d671fa8 elementor-section-boxed elementor-section-height-default elementor-section-height-default\" data-id=\"d671fa8\" data-element_type=\"section\" data-e-type=\"section\">\n\t\t\t\t\t\t<div class=\"elementor-container elementor-column-gap-default\">\n\t\t\t\t\t\t<\/div>\n\t\t<\/section>\n\t\t\t\t<section class=\"elementor-section elementor-top-section elementor-element elementor-element-dd88cdb elementor-section-boxed elementor-section-height-default elementor-section-height-default\" data-id=\"dd88cdb\" data-element_type=\"section\" data-e-type=\"section\">\n\t\t\t\t\t\t<div class=\"elementor-container elementor-column-gap-default\">\n\t\t\t\t\t\t<\/div>\n\t\t<\/section>\n\t\t\t\t<section class=\"elementor-section elementor-top-section elementor-element elementor-element-962f6b6 elementor-section-boxed elementor-section-height-default elementor-section-height-default\" data-id=\"962f6b6\" data-element_type=\"section\" data-e-type=\"section\">\n\t\t\t\t\t\t<div class=\"elementor-container elementor-column-gap-default\">\n\t\t\t\t\t\t<\/div>\n\t\t<\/section>\n\t\t\t\t<section class=\"elementor-section elementor-top-section elementor-element elementor-element-cdc62c2 elementor-section-boxed elementor-section-height-default elementor-section-height-default\" data-id=\"cdc62c2\" data-element_type=\"section\" data-e-type=\"section\">\n\t\t\t\t\t\t<div class=\"elementor-container elementor-column-gap-default\">\n\t\t\t\t\t\t<\/div>\n\t\t<\/section>\n\t\t\t\t<section class=\"elementor-section elementor-top-section elementor-element elementor-element-f37ab77 elementor-section-boxed elementor-section-height-default elementor-section-height-default\" data-id=\"f37ab77\" data-element_type=\"section\" data-e-type=\"section\">\n\t\t\t\t\t\t<div class=\"elementor-container elementor-column-gap-default\">\n\t\t\t\t\t\t<\/div>\n\t\t<\/section>\n\t\t\t\t<section class=\"elementor-section elementor-top-section elementor-element elementor-element-fd5d5c2 elementor-section-boxed elementor-section-height-default elementor-section-height-default\" data-id=\"fd5d5c2\" data-element_type=\"section\" data-e-type=\"section\">\n\t\t\t\t\t\t<div class=\"elementor-container elementor-column-gap-default\">\n\t\t\t\t\t\t<\/div>\n\t\t<\/section>\n\t\t\t\t<section class=\"elementor-section elementor-top-section elementor-element elementor-element-4ecb2c4 elementor-section-boxed elementor-section-height-default elementor-section-height-default\" data-id=\"4ecb2c4\" data-element_type=\"section\" data-e-type=\"section\">\n\t\t\t\t\t\t<div class=\"elementor-container elementor-column-gap-default\">\n\t\t\t\t\t\t<\/div>\n\t\t<\/section>\n\t\t\t\t<section class=\"elementor-section elementor-top-section elementor-element elementor-element-29f76c3 elementor-section-boxed elementor-section-height-default elementor-section-height-default\" data-id=\"29f76c3\" data-element_type=\"section\" data-e-type=\"section\">\n\t\t\t\t\t\t<div class=\"elementor-container elementor-column-gap-default\">\n\t\t\t\t\t\t<\/div>\n\t\t<\/section>\n\t\t\t\t<section class=\"elementor-section elementor-top-section elementor-element elementor-element-1485037 elementor-section-boxed elementor-section-height-default elementor-section-height-default\" data-id=\"1485037\" data-element_type=\"section\" data-e-type=\"section\">\n\t\t\t\t\t\t<div class=\"elementor-container elementor-column-gap-default\">\n\t\t\t\t\t\t<\/div>\n\t\t<\/section>\n\t\t\t\t<section class=\"elementor-section elementor-top-section elementor-element elementor-element-f18e4d6 elementor-section-boxed elementor-section-height-default elementor-section-height-default\" data-id=\"f18e4d6\" data-element_type=\"section\" data-e-type=\"section\">\n\t\t\t\t\t\t<div class=\"elementor-container elementor-column-gap-default\">\n\t\t\t\t\t<div class=\"elementor-column elementor-col-100 elementor-top-column elementor-element elementor-element-b24eabe\" data-id=\"b24eabe\" data-element_type=\"column\" data-e-type=\"column\">\n\t\t\t<div class=\"elementor-widget-wrap\">\n\t\t\t\t\t\t\t<\/div>\n\t\t<\/div>\n\t\t\t\t\t<\/div>\n\t\t<\/section>\n\t\t\t\t<\/div>\n\t\t","protected":false},"excerpt":{"rendered":"<p>Aktuelles Unterst\u00fctzen Sie uns mit Ihrer Spende! Einladung zur Schulfeier am Mittwochden 17. Juni 2026 von 9 bis 10 Uhr Die Sch\u00fclerinnen und Sch\u00fcler pr\u00e4sentieren auf der B\u00fchne, was sie dieses Schuljahr schon gelernt haben. Wir informieren an diesem Vormittag auch \u00fcber unsere Schule, mit Gespr\u00e4chen und einer Ausstellung von Werkst\u00fccken unserer Sch\u00fclerinnen und Sch\u00fcler. [&hellip;]<\/p>\n","protected":false},"author":1,"featured_media":0,"parent":0,"menu_order":0,"comment_status":"closed","ping_status":"closed","template":"","meta":{"footnotes":""},"class_list":["post-537","page","type-page","status-publish","hentry"],"_links":{"self":[{"href":"https:\/\/karl-schubert-kindergarten.at\/de\/wp-json\/wp\/v2\/pages\/537","targetHints":{"allow":["GET"]}}],"collection":[{"href":"https:\/\/karl-schubert-kindergarten.at\/de\/wp-json\/wp\/v2\/pages"}],"about":[{"href":"https:\/\/karl-schubert-kindergarten.at\/de\/wp-json\/wp\/v2\/types\/page"}],"author":[{"embeddable":true,"href":"https:\/\/karl-schubert-kindergarten.at\/de\/wp-json\/wp\/v2\/users\/1"}],"replies":[{"embeddable":true,"href":"https:\/\/karl-schubert-kindergarten.at\/de\/wp-json\/wp\/v2\/comments?post=537"}],"version-history":[{"count":59,"href":"https:\/\/karl-schubert-kindergarten.at\/de\/wp-json\/wp\/v2\/pages\/537\/revisions"}],"predecessor-version":[{"id":997,"href":"https:\/\/karl-schubert-kindergarten.at\/de\/wp-json\/wp\/v2\/pages\/537\/revisions\/997"}],"wp:attachment":[{"href":"https:\/\/karl-schubert-kindergarten.at\/de\/wp-json\/wp\/v2\/media?parent=537"}],"curies":[{"name":"wp","href":"https:\/\/api.w.org\/{rel}","templated":true}]}}