{"id":259,"date":"2022-05-29T07:55:51","date_gmt":"2022-05-29T07:55:51","guid":{"rendered":"https:\/\/karl-schubert-kindergarten.at\/?page_id=259"},"modified":"2022-05-29T15:33:05","modified_gmt":"2022-05-29T15:33:05","slug":"entstehung-der-schule","status":"publish","type":"page","link":"https:\/\/karl-schubert-kindergarten.at\/de\/entstehung-der-schule\/","title":{"rendered":"Entstehung der Schule"},"content":{"rendered":"\t\t<div data-elementor-type=\"wp-page\" data-elementor-id=\"259\" class=\"elementor elementor-259\" data-elementor-post-type=\"page\">\n\t\t\t\t\t\t<section class=\"elementor-section elementor-top-section elementor-element elementor-element-1e3c3ab9 elementor-section-height-min-height elementor-section-items-stretch elementor-section-full_width elementor-section-height-default\" data-id=\"1e3c3ab9\" data-element_type=\"section\" data-e-type=\"section\" id=\"top\">\n\t\t\t\t\t\t<div class=\"elementor-container elementor-column-gap-default\">\n\t\t\t\t\t<div class=\"elementor-column elementor-col-100 elementor-top-column elementor-element elementor-element-23366a0e\" data-id=\"23366a0e\" data-element_type=\"column\" data-e-type=\"column\" data-settings=\"{&quot;background_background&quot;:&quot;classic&quot;}\">\n\t\t\t<div class=\"elementor-widget-wrap\">\n\t\t\t\t\t\t\t<\/div>\n\t\t<\/div>\n\t\t\t\t\t<\/div>\n\t\t<\/section>\n\t\t\t\t<section class=\"elementor-section elementor-top-section elementor-element elementor-element-143ad7a8 elementor-section-content-middle elementor-reverse-tablet elementor-reverse-mobile elementor-section-height-min-height elementor-section-full_width elementor-section-height-default elementor-section-items-middle\" data-id=\"143ad7a8\" data-element_type=\"section\" data-e-type=\"section\" id=\"Heileurythmie\">\n\t\t\t\t\t\t<div class=\"elementor-container elementor-column-gap-default\">\n\t\t\t\t\t<div class=\"elementor-column elementor-col-100 elementor-top-column elementor-element elementor-element-5e4f02af\" data-id=\"5e4f02af\" data-element_type=\"column\" data-e-type=\"column\">\n\t\t\t<div class=\"elementor-widget-wrap elementor-element-populated\">\n\t\t\t\t\t\t<div class=\"elementor-element elementor-element-15d9536e elementor-widget elementor-widget-heading\" data-id=\"15d9536e\" data-element_type=\"widget\" data-e-type=\"widget\" data-widget_type=\"heading.default\">\n\t\t\t\t<div class=\"elementor-widget-container\">\n\t\t\t\t\t<h2 class=\"elementor-heading-title elementor-size-default\">Wie alles begann<\/h2>\t\t\t\t<\/div>\n\t\t\t\t<\/div>\n\t\t\t\t<div class=\"elementor-element elementor-element-ed05ed3 elementor-widget elementor-widget-text-editor\" data-id=\"ed05ed3\" data-element_type=\"widget\" data-e-type=\"widget\" data-widget_type=\"text-editor.default\">\n\t\t\t\t<div class=\"elementor-widget-container\">\n\t\t\t\t\t\t\t\t\t<p>Die Gr\u00fcndung des Kindergartens der Karl Schubert Schule erfolgte zeitgleich mit der Gr\u00fcndung der Karl Schubert Schule und ist untrennbar mit der Familie K\u00fchne verbunden. Familie K\u00fchne stellte ab Oktober 1972 in ihrem Haus am Jesuitensteig \u2013 nach ihrer \u00e4ltesten Tochter \u201eJohannahaus\u201c genannt \u2013 R\u00e4ume zur Verf\u00fcgung. 1972 wurde auch der Verein Karl Schubert Schule gegr\u00fcndet, der auch als Tr\u00e4gerverein unseres Kindergartens fungiert.<br \/><br \/>Der Schulbetrieb startete mit zwei Klassen sowie einer Kindergartengruppe. Dieser erste Kindergarten wurde zun\u00e4chst von Genevieve Bachelet integriert gef\u00fchrt. Die R\u00e4ume im \u201eJohannahaus\u201c wurden bald zu klein und so \u00fcbersiedelte unser Kindergarten sowie die 1. Klasse von 1974-1976 ins \u201eFelixhaus\u201c in der Speisingerstra\u00dfe, das uns Freunde zur Verf\u00fcgung gestellt hatten.<br \/><br \/>1976 konnte das \u201eMartinshaus\u201c in der Endresstra\u00dfe 99 erworben werden, Kindergarten und Schule waren wieder an einem Standort vereint. Bald wurde aber auch hier wieder der Raum zu knapp, sodass der Kindergarten 1987 in ein eigenes kleines Haus in der Kanitzgasse 1a \u00fcbersiedelte. <br \/><br \/>Von 1991 an wurde unser Kindergarten in zwei Gruppen gef\u00fchrt, eine davon war eine Integrationsgruppe. Aus Platzgr\u00fcnden waren diese beiden Gruppen jedoch wieder an verschiedenen Standorten untergebracht, die Integrationsgruppe war in der Kanitzgasse, die heilp\u00e4dagogische Gruppe im Schulgeb\u00e4ude in der Endresstra\u00dfe. Dieses sch\u00f6ne Projekt musste leider im Jahr 2003 wieder aufgegeben werden und die Integrationsgruppe wurde aus Kostengr\u00fcnden geschlossen.<br \/><br \/>Schon im Jahr 1990 konnte die Liegenschaft in der Kanitzgasse 3 erworben werden. Der Holzbarackenbau, wo sich heute unser Kindergarten befindet, wurde ab 1992 zun\u00e4chst f\u00fcr Schulklassen genutzt. Da der fr\u00fchere Besitzer im Obergescho\u00df noch das Wohnrecht hatte, konnte der Umbau des Hauses in der Kanitzgasse 3 erst 2004 abgeschlossen werden. <br \/><br \/>Mittlerweile war auch die Kanitzgasse 1 angemietet worden. Als das Haus zum Kauf angeboten wurde, entschlossen wir uns schweren Herzens, das \u201eMartinshaus\u201c in der Endresstra\u00dfe ganz aufzugeben. <br \/><br \/>Seit dem Schuljahr 2010\/11 \u2013 nach Erwerb der Liegenschaften in der Kanitzgasse 3 und dem Neubau des Schulgeb\u00e4udes \u2013 waren Schule und Kindergarten wieder an einem Standort vereint und der Kindergarten \u00fcbersiedelte an seinen heutigen Standort.<\/p>\t\t\t\t\t\t\t\t<\/div>\n\t\t\t\t<\/div>\n\t\t\t\t\t<\/div>\n\t\t<\/div>\n\t\t\t\t\t<\/div>\n\t\t<\/section>\n\t\t\t\t<\/div>\n\t\t","protected":false},"excerpt":{"rendered":"<p>Wie alles begann Die Gr\u00fcndung des Kindergartens der Karl Schubert Schule erfolgte zeitgleich mit der Gr\u00fcndung der Karl Schubert Schule und ist untrennbar mit der Familie K\u00fchne verbunden. Familie K\u00fchne stellte ab Oktober 1972 in ihrem Haus am Jesuitensteig \u2013 nach ihrer \u00e4ltesten Tochter \u201eJohannahaus\u201c genannt \u2013 R\u00e4ume zur Verf\u00fcgung. 1972 wurde auch der Verein [&hellip;]<\/p>\n","protected":false},"author":1,"featured_media":0,"parent":0,"menu_order":0,"comment_status":"closed","ping_status":"closed","template":"","meta":{"footnotes":""},"class_list":["post-259","page","type-page","status-publish","hentry"],"_links":{"self":[{"href":"https:\/\/karl-schubert-kindergarten.at\/de\/wp-json\/wp\/v2\/pages\/259","targetHints":{"allow":["GET"]}}],"collection":[{"href":"https:\/\/karl-schubert-kindergarten.at\/de\/wp-json\/wp\/v2\/pages"}],"about":[{"href":"https:\/\/karl-schubert-kindergarten.at\/de\/wp-json\/wp\/v2\/types\/page"}],"author":[{"embeddable":true,"href":"https:\/\/karl-schubert-kindergarten.at\/de\/wp-json\/wp\/v2\/users\/1"}],"replies":[{"embeddable":true,"href":"https:\/\/karl-schubert-kindergarten.at\/de\/wp-json\/wp\/v2\/comments?post=259"}],"version-history":[{"count":10,"href":"https:\/\/karl-schubert-kindergarten.at\/de\/wp-json\/wp\/v2\/pages\/259\/revisions"}],"predecessor-version":[{"id":432,"href":"https:\/\/karl-schubert-kindergarten.at\/de\/wp-json\/wp\/v2\/pages\/259\/revisions\/432"}],"wp:attachment":[{"href":"https:\/\/karl-schubert-kindergarten.at\/de\/wp-json\/wp\/v2\/media?parent=259"}],"curies":[{"name":"wp","href":"https:\/\/api.w.org\/{rel}","templated":true}]}}